{"id":1530,"date":"2024-04-01T07:39:29","date_gmt":"2024-04-01T07:39:29","guid":{"rendered":"https:\/\/march.hu\/product-owner-training\/"},"modified":"2024-04-24T08:53:23","modified_gmt":"2024-04-24T08:53:23","slug":"product-owner-training","status":"publish","type":"page","link":"https:\/\/march.hu\/en\/product-owner-training\/","title":{"rendered":"Product Owner training"},"content":{"rendered":"\t\t<div data-elementor-type=\"wp-page\" data-elementor-id=\"1530\" class=\"elementor elementor-1530 elementor-1186\" data-elementor-post-type=\"page\">\n\t\t\t\t<div class=\"elementor-element elementor-element-61037be8 e-con-full e-flex e-con e-parent\" data-id=\"61037be8\" data-element_type=\"container\" data-settings=\"{&quot;background_background&quot;:&quot;classic&quot;}\">\n\t\t\t\t<div class=\"elementor-element elementor-element-51c8f468 elementor-widget elementor-widget-heading\" data-id=\"51c8f468\" data-element_type=\"widget\" data-widget_type=\"heading.default\">\n\t\t\t\t<div class=\"elementor-widget-container\">\n\t\t\t<h2 class=\"elementor-heading-title elementor-size-default\">Product Owner training<\/h2>\t\t<\/div>\n\t\t\t\t<\/div>\n\t\t\t\t<div class=\"elementor-element elementor-element-6478eec7 elementor-widget elementor-widget-text-editor\" data-id=\"6478eec7\" data-element_type=\"widget\" data-widget_type=\"text-editor.default\">\n\t\t\t\t<div class=\"elementor-widget-container\">\n\t\t\t\t\t\t\tLocation: In person\n\t\t\t\t\t\t<\/div>\n\t\t\t\t<\/div>\n\t\t\t\t<\/div>\n\t\t<div class=\"elementor-element elementor-element-19ed43c6 e-flex e-con-boxed e-con e-parent\" data-id=\"19ed43c6\" data-element_type=\"container\">\n\t\t\t\t\t<div class=\"e-con-inner\">\n\t\t\t\t<div class=\"elementor-element elementor-element-584583ce elementor-widget elementor-widget-heading\" data-id=\"584583ce\" data-element_type=\"widget\" data-widget_type=\"heading.default\">\n\t\t\t\t<div class=\"elementor-widget-container\">\n\t\t\t<h2 class=\"elementor-heading-title elementor-size-default\">Intro<\/h2>\t\t<\/div>\n\t\t\t\t<\/div>\n\t\t\t\t<div class=\"elementor-element elementor-element-76d3f944 elementor-widget elementor-widget-text-editor\" data-id=\"76d3f944\" data-element_type=\"widget\" data-widget_type=\"text-editor.default\">\n\t\t\t\t<div class=\"elementor-widget-container\">\n\t\t\t\t\t\t\t<p>What skills are needed to create value in an Agile environment? Our training defines what responsibilities and capabilities the PO has, and helps you understand what tools are available to work effectively.<\/p>\n\t\t\t\t\t\t<\/div>\n\t\t\t\t<\/div>\n\t\t<div class=\"elementor-element elementor-element-55f69d02 e-flex e-con-boxed e-con e-child\" data-id=\"55f69d02\" data-element_type=\"container\" data-settings=\"{&quot;background_background&quot;:&quot;classic&quot;}\">\n\t\t\t\t\t<div class=\"e-con-inner\">\n\t\t\t\t<div class=\"elementor-element elementor-element-5a86f38e elementor-widget elementor-widget-text-editor\" data-id=\"5a86f38e\" data-element_type=\"widget\" data-widget_type=\"text-editor.default\">\n\t\t\t\t<div class=\"elementor-widget-container\">\n\t\t\t\t\t\t\t<p><strong>Target<\/strong><\/p>\n<p>To show how the PO can work to maximize both business and customer value. The training will show how products, created with a customer-centric approach can be produced faster and get to market sooner.<\/p>\n\t\t\t\t\t\t<\/div>\n\t\t\t\t<\/div>\n\t\t\t\t\t<\/div>\n\t\t\t\t<\/div>\n\t\t\t\t<div class=\"elementor-element elementor-element-472e518c elementor-widget elementor-widget-heading\" data-id=\"472e518c\" data-element_type=\"widget\" data-widget_type=\"heading.default\">\n\t\t\t\t<div class=\"elementor-widget-container\">\n\t\t\t<h2 class=\"elementor-heading-title elementor-size-default\">Content\n<\/h2>\t\t<\/div>\n\t\t\t\t<\/div>\n\t\t\t\t<div class=\"elementor-element elementor-element-735207ad elementor-widget elementor-widget-text-editor\" data-id=\"735207ad\" data-element_type=\"widget\" data-widget_type=\"text-editor.default\">\n\t\t\t\t<div class=\"elementor-widget-container\">\n\t\t\t\t\t\t\t<ul>\n<li>Agile frameworks<\/li>\n<li>Roles<\/li>\n<li>Product\u2019s market performance<\/li>\n<li>The role of POs in organization building<\/li>\n<li>Scrum events from the PO\u2019s perspective<\/li>\n<li>Tools<\/li>\n<li>Prioritization<\/li>\n<li>Reports, graphs<\/li>\n<li>Testing and quality assurance<\/li>\n<li>Product development<\/li>\n<\/ul>\n\t\t\t\t\t\t<\/div>\n\t\t\t\t<\/div>\n\t\t\t\t<div class=\"elementor-element elementor-element-7b7eb214 elementor-widget elementor-widget-heading\" data-id=\"7b7eb214\" data-element_type=\"widget\" data-widget_type=\"heading.default\">\n\t\t\t\t<div class=\"elementor-widget-container\">\n\t\t\t<h2 class=\"elementor-heading-title elementor-size-default\">Description\n\n<\/h2>\t\t<\/div>\n\t\t\t\t<\/div>\n\t\t\t\t<div class=\"elementor-element elementor-element-5ea8d0b6 elementor-widget elementor-widget-text-editor\" data-id=\"5ea8d0b6\" data-element_type=\"widget\" data-widget_type=\"text-editor.default\">\n\t\t\t\t<div class=\"elementor-widget-container\">\n\t\t\t\t\t\t\t<p>The Product Owner is the link between the customer and the team. He is responsible for delivering real value to the team while keeping a motivating vision in front of colleagues. He is like a composer. If you are someone who likes to create new things while being a respected subject matter expert, you are in the right place.<\/p>\n<p>The aim of the training is to learn how to work as a Product Owner to maximize both business and customer value. The training will show how products, created with a customer-centric approach can be produced faster and get to market sooner.<\/p>\n<p>We will teach you the skills needed to create value in an agile environment. Our training defines the responsibilities and capabilities of the PO and helps you understand what tools you need to work effectively.<\/p>\n<p>We talk about agile frameworks and roles and what they look like from a PO perspective. We will talk about what determines the market performance of a product. We&#8217;ll show you what tools you have, how to prioritize, and what to look for to ensure the product is delivered at the right quality.<\/p>\n\t\t\t\t\t\t<\/div>\n\t\t\t\t<\/div>\n\t\t\t\t<div class=\"elementor-element elementor-element-6a7f1a17 elementor-align-center elementor-widget elementor-widget-button\" data-id=\"6a7f1a17\" data-element_type=\"widget\" data-widget_type=\"button.default\">\n\t\t\t\t<div class=\"elementor-widget-container\">\n\t\t\t\t\t<div class=\"elementor-button-wrapper\">\n\t\t\t<a class=\"elementor-button elementor-button-link elementor-size-sm\" href=\"mailto:info@march.hu\">\n\t\t\t\t\t\t<span class=\"elementor-button-content-wrapper\">\n\t\t\t\t\t\t\t\t\t<span class=\"elementor-button-text\">Apply<\/span>\n\t\t\t\t\t<\/span>\n\t\t\t\t\t<\/a>\n\t\t<\/div>\n\t\t\t\t<\/div>\n\t\t\t\t<\/div>\n\t\t<div class=\"elementor-element elementor-element-679f315d e-flex e-con-boxed e-con e-child\" data-id=\"679f315d\" data-element_type=\"container\" data-settings=\"{&quot;background_background&quot;:&quot;classic&quot;}\">\n\t\t\t\t\t<div class=\"e-con-inner\">\n\t\t<div class=\"elementor-element elementor-element-1841d0a6 e-grid e-con-boxed e-con e-child\" data-id=\"1841d0a6\" data-element_type=\"container\">\n\t\t\t\t\t<div class=\"e-con-inner\">\n\t\t\t\t<div class=\"elementor-element elementor-element-6282aad1 elementor-widget elementor-widget-text-editor\" data-id=\"6282aad1\" data-element_type=\"widget\" data-widget_type=\"text-editor.default\">\n\t\t\t\t<div class=\"elementor-widget-container\">\n\t\t\t\t\t\t\t<p><strong>Off-site training<\/strong><\/p>\n<div class=\"col-md-6\">\n<div class=\"column_attr clearfix mobile_align_left text-left\">If you are interested in our offsite training, please contact us directly.<\/div>\n<\/div>\n\t\t\t\t\t\t<\/div>\n\t\t\t\t<\/div>\n\t\t\t\t<div class=\"elementor-element elementor-element-5bbef76c elementor-align-center elementor-widget elementor-widget-button\" data-id=\"5bbef76c\" data-element_type=\"widget\" data-widget_type=\"button.default\">\n\t\t\t\t<div class=\"elementor-widget-container\">\n\t\t\t\t\t<div class=\"elementor-button-wrapper\">\n\t\t\t<a class=\"elementor-button elementor-button-link elementor-size-sm\" href=\"mailto:info@march.hu\">\n\t\t\t\t\t\t<span class=\"elementor-button-content-wrapper\">\n\t\t\t\t\t\t\t\t\t<span class=\"elementor-button-text\">I am interested<\/span>\n\t\t\t\t\t<\/span>\n\t\t\t\t\t<\/a>\n\t\t<\/div>\n\t\t\t\t<\/div>\n\t\t\t\t<\/div>\n\t\t\t\t\t<\/div>\n\t\t\t\t<\/div>\n\t\t\t\t\t<\/div>\n\t\t\t\t<\/div>\n\t\t\t\t\t<\/div>\n\t\t\t\t<\/div>\n\t\t\t\t<\/div>\n\t\t","protected":false},"excerpt":{"rendered":"<p>Product Owner training Location: In person Intro What skills are needed to create value in an Agile environment? Our training defines what responsibilities and capabilities the PO has, and helps you understand what tools are available to work effectively. Target To show how the PO can work to maximize both business and customer value. The [&hellip;]<\/p>\n","protected":false},"author":2,"featured_media":0,"parent":0,"menu_order":0,"comment_status":"closed","ping_status":"closed","template":"","meta":{"footnotes":""},"class_list":["post-1530","page","type-page","status-publish","hentry"],"yoast_head":"<!-- This site is optimized with the Yoast SEO Premium plugin v22.3 (Yoast SEO v22.9) - https:\/\/yoast.com\/wordpress\/plugins\/seo\/ -->\n<title>Product Owner training - March<\/title>\n<meta name=\"robots\" content=\"index, follow, max-snippet:-1, max-image-preview:large, max-video-preview:-1\" \/>\n<link rel=\"canonical\" href=\"https:\/\/march.hu\/en\/product-owner-training\/\" \/>\n<meta property=\"og:locale\" content=\"en_US\" \/>\n<meta property=\"og:type\" content=\"article\" \/>\n<meta property=\"og:title\" content=\"Product Owner training\" \/>\n<meta property=\"og:description\" content=\"Product Owner training Location: In person Intro What skills are needed to create value in an Agile environment? Our training defines what responsibilities and capabilities the PO has, and helps you understand what tools are available to work effectively. Target To show how the PO can work to maximize both business and customer value. The [&hellip;]\" \/>\n<meta property=\"og:url\" content=\"https:\/\/march.hu\/en\/product-owner-training\/\" \/>\n<meta property=\"og:site_name\" content=\"March\" \/>\n<meta property=\"article:modified_time\" content=\"2024-04-24T08:53:23+00:00\" \/>\n<meta name=\"twitter:card\" content=\"summary_large_image\" \/>\n<meta name=\"twitter:label1\" content=\"Est. reading time\" \/>\n\t<meta name=\"twitter:data1\" content=\"2 minutes\" \/>\n<script type=\"application\/ld+json\" class=\"yoast-schema-graph\">{\"@context\":\"https:\/\/schema.org\",\"@graph\":[{\"@type\":\"WebPage\",\"@id\":\"https:\/\/march.hu\/en\/product-owner-training\/\",\"url\":\"https:\/\/march.hu\/en\/product-owner-training\/\",\"name\":\"Product Owner training - March\",\"isPartOf\":{\"@id\":\"https:\/\/march.hu\/#website\"},\"datePublished\":\"2024-04-01T07:39:29+00:00\",\"dateModified\":\"2024-04-24T08:53:23+00:00\",\"breadcrumb\":{\"@id\":\"https:\/\/march.hu\/en\/product-owner-training\/#breadcrumb\"},\"inLanguage\":\"en-US\",\"potentialAction\":[{\"@type\":\"ReadAction\",\"target\":[\"https:\/\/march.hu\/en\/product-owner-training\/\"]}]},{\"@type\":\"BreadcrumbList\",\"@id\":\"https:\/\/march.hu\/en\/product-owner-training\/#breadcrumb\",\"itemListElement\":[{\"@type\":\"ListItem\",\"position\":1,\"name\":\"Kezd\u0151lap\",\"item\":\"https:\/\/march.hu\/\"},{\"@type\":\"ListItem\",\"position\":2,\"name\":\"Product Owner training\"}]},{\"@type\":\"WebSite\",\"@id\":\"https:\/\/march.hu\/#website\",\"url\":\"https:\/\/march.hu\/\",\"name\":\"March\",\"description\":\"Az orsz\u00e1g legnagyobb agilis k\u00f6z\u00f6ss\u00e9ge\",\"publisher\":{\"@id\":\"https:\/\/march.hu\/#organization\"},\"potentialAction\":[{\"@type\":\"SearchAction\",\"target\":{\"@type\":\"EntryPoint\",\"urlTemplate\":\"https:\/\/march.hu\/?s={search_term_string}\"},\"query-input\":\"required name=search_term_string\"}],\"inLanguage\":\"en-US\"},{\"@type\":\"Organization\",\"@id\":\"https:\/\/march.hu\/#organization\",\"name\":\"March\",\"url\":\"https:\/\/march.hu\/\",\"logo\":{\"@type\":\"ImageObject\",\"inLanguage\":\"en-US\",\"@id\":\"https:\/\/march.hu\/#\/schema\/logo\/image\/\",\"url\":\"https:\/\/march.hu\/wp-content\/uploads\/2024\/03\/favicon.png\",\"contentUrl\":\"https:\/\/march.hu\/wp-content\/uploads\/2024\/03\/favicon.png\",\"width\":211,\"height\":306,\"caption\":\"March\"},\"image\":{\"@id\":\"https:\/\/march.hu\/#\/schema\/logo\/image\/\"}}]}<\/script>\n<!-- \/ Yoast SEO Premium plugin. -->","yoast_head_json":{"title":"Product Owner training - March","robots":{"index":"index","follow":"follow","max-snippet":"max-snippet:-1","max-image-preview":"max-image-preview:large","max-video-preview":"max-video-preview:-1"},"canonical":"https:\/\/march.hu\/en\/product-owner-training\/","og_locale":"en_US","og_type":"article","og_title":"Product Owner training","og_description":"Product Owner training Location: In person Intro What skills are needed to create value in an Agile environment? Our training defines what responsibilities and capabilities the PO has, and helps you understand what tools are available to work effectively. Target To show how the PO can work to maximize both business and customer value. The [&hellip;]","og_url":"https:\/\/march.hu\/en\/product-owner-training\/","og_site_name":"March","article_modified_time":"2024-04-24T08:53:23+00:00","twitter_card":"summary_large_image","twitter_misc":{"Est. reading time":"2 minutes"},"schema":{"@context":"https:\/\/schema.org","@graph":[{"@type":"WebPage","@id":"https:\/\/march.hu\/en\/product-owner-training\/","url":"https:\/\/march.hu\/en\/product-owner-training\/","name":"Product Owner training - March","isPartOf":{"@id":"https:\/\/march.hu\/#website"},"datePublished":"2024-04-01T07:39:29+00:00","dateModified":"2024-04-24T08:53:23+00:00","breadcrumb":{"@id":"https:\/\/march.hu\/en\/product-owner-training\/#breadcrumb"},"inLanguage":"en-US","potentialAction":[{"@type":"ReadAction","target":["https:\/\/march.hu\/en\/product-owner-training\/"]}]},{"@type":"BreadcrumbList","@id":"https:\/\/march.hu\/en\/product-owner-training\/#breadcrumb","itemListElement":[{"@type":"ListItem","position":1,"name":"Kezd\u0151lap","item":"https:\/\/march.hu\/"},{"@type":"ListItem","position":2,"name":"Product Owner training"}]},{"@type":"WebSite","@id":"https:\/\/march.hu\/#website","url":"https:\/\/march.hu\/","name":"March","description":"Az orsz\u00e1g legnagyobb agilis k\u00f6z\u00f6ss\u00e9ge","publisher":{"@id":"https:\/\/march.hu\/#organization"},"potentialAction":[{"@type":"SearchAction","target":{"@type":"EntryPoint","urlTemplate":"https:\/\/march.hu\/?s={search_term_string}"},"query-input":"required name=search_term_string"}],"inLanguage":"en-US"},{"@type":"Organization","@id":"https:\/\/march.hu\/#organization","name":"March","url":"https:\/\/march.hu\/","logo":{"@type":"ImageObject","inLanguage":"en-US","@id":"https:\/\/march.hu\/#\/schema\/logo\/image\/","url":"https:\/\/march.hu\/wp-content\/uploads\/2024\/03\/favicon.png","contentUrl":"https:\/\/march.hu\/wp-content\/uploads\/2024\/03\/favicon.png","width":211,"height":306,"caption":"March"},"image":{"@id":"https:\/\/march.hu\/#\/schema\/logo\/image\/"}}]}},"_links":{"self":[{"href":"https:\/\/march.hu\/en\/wp-json\/wp\/v2\/pages\/1530","targetHints":{"allow":["GET"]}}],"collection":[{"href":"https:\/\/march.hu\/en\/wp-json\/wp\/v2\/pages"}],"about":[{"href":"https:\/\/march.hu\/en\/wp-json\/wp\/v2\/types\/page"}],"author":[{"embeddable":true,"href":"https:\/\/march.hu\/en\/wp-json\/wp\/v2\/users\/2"}],"replies":[{"embeddable":true,"href":"https:\/\/march.hu\/en\/wp-json\/wp\/v2\/comments?post=1530"}],"version-history":[{"count":5,"href":"https:\/\/march.hu\/en\/wp-json\/wp\/v2\/pages\/1530\/revisions"}],"predecessor-version":[{"id":1861,"href":"https:\/\/march.hu\/en\/wp-json\/wp\/v2\/pages\/1530\/revisions\/1861"}],"wp:attachment":[{"href":"https:\/\/march.hu\/en\/wp-json\/wp\/v2\/media?parent=1530"}],"curies":[{"name":"wp","href":"https:\/\/api.w.org\/{rel}","templated":true}]}}