{"id":1539,"date":"2024-04-01T07:36:05","date_gmt":"2024-04-01T07:36:05","guid":{"rendered":"https:\/\/march.hu\/advanced-scrum-master-training\/"},"modified":"2024-04-24T00:52:10","modified_gmt":"2024-04-24T00:52:10","slug":"advanced-scrum-master-training","status":"publish","type":"page","link":"https:\/\/march.hu\/en\/advanced-scrum-master-training\/","title":{"rendered":"Advanced Scrum Master training"},"content":{"rendered":"\t\t<div data-elementor-type=\"wp-page\" data-elementor-id=\"1539\" class=\"elementor elementor-1539 elementor-1168\" data-elementor-post-type=\"page\">\n\t\t\t\t<div class=\"elementor-element elementor-element-481d082c e-con-full e-flex e-con e-parent\" data-id=\"481d082c\" data-element_type=\"container\" data-settings=\"{&quot;background_background&quot;:&quot;classic&quot;}\">\n\t\t\t\t<div class=\"elementor-element elementor-element-31abca26 elementor-widget elementor-widget-heading\" data-id=\"31abca26\" data-element_type=\"widget\" data-widget_type=\"heading.default\">\n\t\t\t\t<div class=\"elementor-widget-container\">\n\t\t\t<h2 class=\"elementor-heading-title elementor-size-default\">Advanced Scrum Master training<\/h2>\t\t<\/div>\n\t\t\t\t<\/div>\n\t\t\t\t<div class=\"elementor-element elementor-element-57a8960f elementor-widget elementor-widget-text-editor\" data-id=\"57a8960f\" data-element_type=\"widget\" data-widget_type=\"text-editor.default\">\n\t\t\t\t<div class=\"elementor-widget-container\">\n\t\t\t\t\t\t\t<p>Location: In person<\/p>\n\t\t\t\t\t\t<\/div>\n\t\t\t\t<\/div>\n\t\t\t\t<\/div>\n\t\t<div class=\"elementor-element elementor-element-c92bfc5 e-flex e-con-boxed e-con e-parent\" data-id=\"c92bfc5\" data-element_type=\"container\">\n\t\t\t\t\t<div class=\"e-con-inner\">\n\t\t\t\t<div class=\"elementor-element elementor-element-5b0b8be4 elementor-widget elementor-widget-heading\" data-id=\"5b0b8be4\" data-element_type=\"widget\" data-widget_type=\"heading.default\">\n\t\t\t\t<div class=\"elementor-widget-container\">\n\t\t\t<h2 class=\"elementor-heading-title elementor-size-default\">Intro<\/h2>\t\t<\/div>\n\t\t\t\t<\/div>\n\t\t\t\t<div class=\"elementor-element elementor-element-536b86ad elementor-widget elementor-widget-text-editor\" data-id=\"536b86ad\" data-element_type=\"widget\" data-widget_type=\"text-editor.default\">\n\t\t\t\t<div class=\"elementor-widget-container\">\n\t\t\t\t\t\t\t<p>As a practicing Scrum Master, you already have a confident knowledge in Agile methodologies and experience in how to make a team efficient and effective. This training will help you to develop your knowledge, will show you new tools, and will teach you how to contribute beyond the team level to make the organization more effective.<\/p>\n\t\t\t\t\t\t<\/div>\n\t\t\t\t<\/div>\n\t\t<div class=\"elementor-element elementor-element-7ee6d424 e-flex e-con-boxed e-con e-child\" data-id=\"7ee6d424\" data-element_type=\"container\" data-settings=\"{&quot;background_background&quot;:&quot;classic&quot;}\">\n\t\t\t\t\t<div class=\"e-con-inner\">\n\t\t\t\t<div class=\"elementor-element elementor-element-5e80c903 elementor-widget elementor-widget-text-editor\" data-id=\"5e80c903\" data-element_type=\"widget\" data-widget_type=\"text-editor.default\">\n\t\t\t\t<div class=\"elementor-widget-container\">\n\t\t\t\t\t\t\t<p><strong>Target<\/strong><\/p>\n<p>Take your leadership skills to the next level. The training will further develop your facilitation and coaching skills, it will help you avoid typical pitfalls, and it will encourage you to develop further. You&#8217;ll be empowered to develop your team using Lean, Kanban, DevOps, and SAFe principles, and explore the potential of professional communities.<\/p>\n\t\t\t\t\t\t<\/div>\n\t\t\t\t<\/div>\n\t\t\t\t\t<\/div>\n\t\t\t\t<\/div>\n\t\t\t\t<div class=\"elementor-element elementor-element-33239eaa elementor-widget elementor-widget-heading\" data-id=\"33239eaa\" data-element_type=\"widget\" data-widget_type=\"heading.default\">\n\t\t\t\t<div class=\"elementor-widget-container\">\n\t\t\t<h2 class=\"elementor-heading-title elementor-size-default\">Whom we recommend it\n<\/h2>\t\t<\/div>\n\t\t\t\t<\/div>\n\t\t\t\t<div class=\"elementor-element elementor-element-4166c79e elementor-widget elementor-widget-text-editor\" data-id=\"4166c79e\" data-element_type=\"widget\" data-widget_type=\"text-editor.default\">\n\t\t\t\t<div class=\"elementor-widget-container\">\n\t\t\t\t\t\t\tExperienced Scrum Masters, Experts working in Agile environments\n\t\t\t\t\t\t<\/div>\n\t\t\t\t<\/div>\n\t\t\t\t<div class=\"elementor-element elementor-element-7238a79f elementor-widget elementor-widget-heading\" data-id=\"7238a79f\" data-element_type=\"widget\" data-widget_type=\"heading.default\">\n\t\t\t\t<div class=\"elementor-widget-container\">\n\t\t\t<h2 class=\"elementor-heading-title elementor-size-default\">Content\n<\/h2>\t\t<\/div>\n\t\t\t\t<\/div>\n\t\t\t\t<div class=\"elementor-element elementor-element-46c6ebad elementor-widget elementor-widget-text-editor\" data-id=\"46c6ebad\" data-element_type=\"widget\" data-widget_type=\"text-editor.default\">\n\t\t\t\t<div class=\"elementor-widget-container\">\n\t\t\t\t\t\t\t<ul>\n<li>Parallel handling of multiple teams, dynamics between the teams<\/li>\n<li>Optimal operation in scaled environments<\/li>\n<li>Facilitation and coaching toolkit extension<\/li>\n<li>Building professional communities<\/li>\n<li>Managing dispersed teams (geographically, in different time zones)<\/li>\n<\/ul>\n\t\t\t\t\t\t<\/div>\n\t\t\t\t<\/div>\n\t\t\t\t<div class=\"elementor-element elementor-element-325459ad elementor-widget elementor-widget-heading\" data-id=\"325459ad\" data-element_type=\"widget\" data-widget_type=\"heading.default\">\n\t\t\t\t<div class=\"elementor-widget-container\">\n\t\t\t<h2 class=\"elementor-heading-title elementor-size-default\">Description\n\n<\/h2>\t\t<\/div>\n\t\t\t\t<\/div>\n\t\t\t\t<div class=\"elementor-element elementor-element-e47b7f1 elementor-widget elementor-widget-text-editor\" data-id=\"e47b7f1\" data-element_type=\"widget\" data-widget_type=\"text-editor.default\">\n\t\t\t\t<div class=\"elementor-widget-container\">\n\t\t\t\t\t\t\t<p>The Scrum Master is the Scrum team&#8217;s guardian, the servant, the one who helps to set the tone for the team, and the one who sets the rhythm. Like the conductor. If you&#8217;re already one of them and you want to improve your skills and expand your toolbox, you&#8217;ve come to the right place. As a practicing Scrum Master, you already have a confident knowledge in Agile methodologies and experience in how to make a team efficient and effective. This training will help you develop your knowledge, give you new tools and show you ways to contribute beyond the team level to make the organization more effective.<\/p>\n<p>Take your leadership skills to the next level! The training will further develop your facilitation and coaching skills, it will help you avoid typical pitfalls, and it will encourage you to develop further. You&#8217;ll be empowered to develop your team using Lean, Kanban, DevOps, and SAFe principles, and explore the potential of professional communities.<\/p>\n<p>During the training, we will teach you how to manage several teams in parallel, and how the dynamics between different teams work. We will show you how to operate optimally in a scaled environment. We will expand your facilitation and coaching toolbox and help you build professional communities and support fragmented teams.<\/p>\n\t\t\t\t\t\t<\/div>\n\t\t\t\t<\/div>\n\t\t\t\t<div class=\"elementor-element elementor-element-a803ca1 elementor-widget elementor-widget-heading\" data-id=\"a803ca1\" data-element_type=\"widget\" data-widget_type=\"heading.default\">\n\t\t\t\t<div class=\"elementor-widget-container\">\n\t\t\t<h2 class=\"elementor-heading-title elementor-size-default\">Other information\n<\/h2>\t\t<\/div>\n\t\t\t\t<\/div>\n\t\t\t\t<div class=\"elementor-element elementor-element-e7d6d36 elementor-widget elementor-widget-text-editor\" data-id=\"e7d6d36\" data-element_type=\"widget\" data-widget_type=\"text-editor.default\">\n\t\t\t\t<div class=\"elementor-widget-container\">\n\t\t\t\t\t\t\t<p>During the training, it is assumed that participants know basic concepts related to Agility and have experience.<\/p>\n\t\t\t\t\t\t<\/div>\n\t\t\t\t<\/div>\n\t\t\t\t<div class=\"elementor-element elementor-element-368e622f elementor-align-center elementor-widget elementor-widget-button\" data-id=\"368e622f\" data-element_type=\"widget\" data-widget_type=\"button.default\">\n\t\t\t\t<div class=\"elementor-widget-container\">\n\t\t\t\t\t<div class=\"elementor-button-wrapper\">\n\t\t\t<a class=\"elementor-button elementor-button-link elementor-size-sm\" href=\"mailto:info@march.hu\">\n\t\t\t\t\t\t<span class=\"elementor-button-content-wrapper\">\n\t\t\t\t\t\t\t\t\t<span class=\"elementor-button-text\">Apply<\/span>\n\t\t\t\t\t<\/span>\n\t\t\t\t\t<\/a>\n\t\t<\/div>\n\t\t\t\t<\/div>\n\t\t\t\t<\/div>\n\t\t<div class=\"elementor-element elementor-element-3d6c88dd e-flex e-con-boxed e-con e-child\" data-id=\"3d6c88dd\" data-element_type=\"container\" data-settings=\"{&quot;background_background&quot;:&quot;classic&quot;}\">\n\t\t\t\t\t<div class=\"e-con-inner\">\n\t\t<div class=\"elementor-element elementor-element-2b44e9c5 e-grid e-con-boxed e-con e-child\" data-id=\"2b44e9c5\" data-element_type=\"container\">\n\t\t\t\t\t<div class=\"e-con-inner\">\n\t\t\t\t<div class=\"elementor-element elementor-element-69d5eb9c elementor-widget elementor-widget-text-editor\" data-id=\"69d5eb9c\" data-element_type=\"widget\" data-widget_type=\"text-editor.default\">\n\t\t\t\t<div class=\"elementor-widget-container\">\n\t\t\t\t\t\t\t<p><strong>Off-site training<\/strong><\/p>\n<div class=\"col-md-6\">\n<div class=\"column_attr clearfix mobile_align_left text-left\">If you are interested in our offsite training, please contact us directly.<\/div>\n<\/div>\n\t\t\t\t\t\t<\/div>\n\t\t\t\t<\/div>\n\t\t\t\t<div class=\"elementor-element elementor-element-4cefbed1 elementor-align-center elementor-widget elementor-widget-button\" data-id=\"4cefbed1\" data-element_type=\"widget\" data-widget_type=\"button.default\">\n\t\t\t\t<div class=\"elementor-widget-container\">\n\t\t\t\t\t<div class=\"elementor-button-wrapper\">\n\t\t\t<a class=\"elementor-button elementor-button-link elementor-size-sm\" href=\"mailto:info@march.hu\">\n\t\t\t\t\t\t<span class=\"elementor-button-content-wrapper\">\n\t\t\t\t\t\t\t\t\t<span class=\"elementor-button-text\">I am interested<\/span>\n\t\t\t\t\t<\/span>\n\t\t\t\t\t<\/a>\n\t\t<\/div>\n\t\t\t\t<\/div>\n\t\t\t\t<\/div>\n\t\t\t\t\t<\/div>\n\t\t\t\t<\/div>\n\t\t\t\t\t<\/div>\n\t\t\t\t<\/div>\n\t\t\t\t\t<\/div>\n\t\t\t\t<\/div>\n\t\t\t\t<\/div>\n\t\t","protected":false},"excerpt":{"rendered":"<p>Advanced Scrum Master training Location: In person Intro As a practicing Scrum Master, you already have a confident knowledge in Agile methodologies and experience in how to make a team efficient and effective. This training will help you to develop your knowledge, will show you new tools, and will teach you how to contribute beyond [&hellip;]<\/p>\n","protected":false},"author":2,"featured_media":0,"parent":0,"menu_order":0,"comment_status":"closed","ping_status":"closed","template":"","meta":{"footnotes":""},"class_list":["post-1539","page","type-page","status-publish","hentry"],"yoast_head":"<!-- This site is optimized with the Yoast SEO Premium plugin v22.3 (Yoast SEO v22.9) - https:\/\/yoast.com\/wordpress\/plugins\/seo\/ -->\n<title>Advanced Scrum Master training - March<\/title>\n<meta name=\"robots\" content=\"index, follow, max-snippet:-1, max-image-preview:large, max-video-preview:-1\" \/>\n<link rel=\"canonical\" href=\"https:\/\/march.hu\/en\/advanced-scrum-master-training\/\" \/>\n<meta property=\"og:locale\" content=\"en_US\" \/>\n<meta property=\"og:type\" content=\"article\" \/>\n<meta property=\"og:title\" content=\"Advanced Scrum Master training\" \/>\n<meta property=\"og:description\" content=\"Advanced Scrum Master training Location: In person Intro As a practicing Scrum Master, you already have a confident knowledge in Agile methodologies and experience in how to make a team efficient and effective. This training will help you to develop your knowledge, will show you new tools, and will teach you how to contribute beyond [&hellip;]\" \/>\n<meta property=\"og:url\" content=\"https:\/\/march.hu\/en\/advanced-scrum-master-training\/\" \/>\n<meta property=\"og:site_name\" content=\"March\" \/>\n<meta property=\"article:modified_time\" content=\"2024-04-24T00:52:10+00:00\" \/>\n<meta name=\"twitter:card\" content=\"summary_large_image\" \/>\n<meta name=\"twitter:label1\" content=\"Est. reading time\" \/>\n\t<meta name=\"twitter:data1\" content=\"2 minutes\" \/>\n<script type=\"application\/ld+json\" class=\"yoast-schema-graph\">{\"@context\":\"https:\/\/schema.org\",\"@graph\":[{\"@type\":\"WebPage\",\"@id\":\"https:\/\/march.hu\/en\/advanced-scrum-master-training\/\",\"url\":\"https:\/\/march.hu\/en\/advanced-scrum-master-training\/\",\"name\":\"Advanced Scrum Master training - March\",\"isPartOf\":{\"@id\":\"https:\/\/march.hu\/#website\"},\"datePublished\":\"2024-04-01T07:36:05+00:00\",\"dateModified\":\"2024-04-24T00:52:10+00:00\",\"breadcrumb\":{\"@id\":\"https:\/\/march.hu\/en\/advanced-scrum-master-training\/#breadcrumb\"},\"inLanguage\":\"en-US\",\"potentialAction\":[{\"@type\":\"ReadAction\",\"target\":[\"https:\/\/march.hu\/en\/advanced-scrum-master-training\/\"]}]},{\"@type\":\"BreadcrumbList\",\"@id\":\"https:\/\/march.hu\/en\/advanced-scrum-master-training\/#breadcrumb\",\"itemListElement\":[{\"@type\":\"ListItem\",\"position\":1,\"name\":\"Kezd\u0151lap\",\"item\":\"https:\/\/march.hu\/\"},{\"@type\":\"ListItem\",\"position\":2,\"name\":\"Advanced Scrum Master training\"}]},{\"@type\":\"WebSite\",\"@id\":\"https:\/\/march.hu\/#website\",\"url\":\"https:\/\/march.hu\/\",\"name\":\"March\",\"description\":\"Az orsz\u00e1g legnagyobb agilis k\u00f6z\u00f6ss\u00e9ge\",\"publisher\":{\"@id\":\"https:\/\/march.hu\/#organization\"},\"potentialAction\":[{\"@type\":\"SearchAction\",\"target\":{\"@type\":\"EntryPoint\",\"urlTemplate\":\"https:\/\/march.hu\/?s={search_term_string}\"},\"query-input\":\"required name=search_term_string\"}],\"inLanguage\":\"en-US\"},{\"@type\":\"Organization\",\"@id\":\"https:\/\/march.hu\/#organization\",\"name\":\"March\",\"url\":\"https:\/\/march.hu\/\",\"logo\":{\"@type\":\"ImageObject\",\"inLanguage\":\"en-US\",\"@id\":\"https:\/\/march.hu\/#\/schema\/logo\/image\/\",\"url\":\"https:\/\/march.hu\/wp-content\/uploads\/2024\/03\/favicon.png\",\"contentUrl\":\"https:\/\/march.hu\/wp-content\/uploads\/2024\/03\/favicon.png\",\"width\":211,\"height\":306,\"caption\":\"March\"},\"image\":{\"@id\":\"https:\/\/march.hu\/#\/schema\/logo\/image\/\"}}]}<\/script>\n<!-- \/ Yoast SEO Premium plugin. -->","yoast_head_json":{"title":"Advanced Scrum Master training - March","robots":{"index":"index","follow":"follow","max-snippet":"max-snippet:-1","max-image-preview":"max-image-preview:large","max-video-preview":"max-video-preview:-1"},"canonical":"https:\/\/march.hu\/en\/advanced-scrum-master-training\/","og_locale":"en_US","og_type":"article","og_title":"Advanced Scrum Master training","og_description":"Advanced Scrum Master training Location: In person Intro As a practicing Scrum Master, you already have a confident knowledge in Agile methodologies and experience in how to make a team efficient and effective. This training will help you to develop your knowledge, will show you new tools, and will teach you how to contribute beyond [&hellip;]","og_url":"https:\/\/march.hu\/en\/advanced-scrum-master-training\/","og_site_name":"March","article_modified_time":"2024-04-24T00:52:10+00:00","twitter_card":"summary_large_image","twitter_misc":{"Est. reading time":"2 minutes"},"schema":{"@context":"https:\/\/schema.org","@graph":[{"@type":"WebPage","@id":"https:\/\/march.hu\/en\/advanced-scrum-master-training\/","url":"https:\/\/march.hu\/en\/advanced-scrum-master-training\/","name":"Advanced Scrum Master training - March","isPartOf":{"@id":"https:\/\/march.hu\/#website"},"datePublished":"2024-04-01T07:36:05+00:00","dateModified":"2024-04-24T00:52:10+00:00","breadcrumb":{"@id":"https:\/\/march.hu\/en\/advanced-scrum-master-training\/#breadcrumb"},"inLanguage":"en-US","potentialAction":[{"@type":"ReadAction","target":["https:\/\/march.hu\/en\/advanced-scrum-master-training\/"]}]},{"@type":"BreadcrumbList","@id":"https:\/\/march.hu\/en\/advanced-scrum-master-training\/#breadcrumb","itemListElement":[{"@type":"ListItem","position":1,"name":"Kezd\u0151lap","item":"https:\/\/march.hu\/"},{"@type":"ListItem","position":2,"name":"Advanced Scrum Master training"}]},{"@type":"WebSite","@id":"https:\/\/march.hu\/#website","url":"https:\/\/march.hu\/","name":"March","description":"Az orsz\u00e1g legnagyobb agilis k\u00f6z\u00f6ss\u00e9ge","publisher":{"@id":"https:\/\/march.hu\/#organization"},"potentialAction":[{"@type":"SearchAction","target":{"@type":"EntryPoint","urlTemplate":"https:\/\/march.hu\/?s={search_term_string}"},"query-input":"required name=search_term_string"}],"inLanguage":"en-US"},{"@type":"Organization","@id":"https:\/\/march.hu\/#organization","name":"March","url":"https:\/\/march.hu\/","logo":{"@type":"ImageObject","inLanguage":"en-US","@id":"https:\/\/march.hu\/#\/schema\/logo\/image\/","url":"https:\/\/march.hu\/wp-content\/uploads\/2024\/03\/favicon.png","contentUrl":"https:\/\/march.hu\/wp-content\/uploads\/2024\/03\/favicon.png","width":211,"height":306,"caption":"March"},"image":{"@id":"https:\/\/march.hu\/#\/schema\/logo\/image\/"}}]}},"_links":{"self":[{"href":"https:\/\/march.hu\/en\/wp-json\/wp\/v2\/pages\/1539","targetHints":{"allow":["GET"]}}],"collection":[{"href":"https:\/\/march.hu\/en\/wp-json\/wp\/v2\/pages"}],"about":[{"href":"https:\/\/march.hu\/en\/wp-json\/wp\/v2\/types\/page"}],"author":[{"embeddable":true,"href":"https:\/\/march.hu\/en\/wp-json\/wp\/v2\/users\/2"}],"replies":[{"embeddable":true,"href":"https:\/\/march.hu\/en\/wp-json\/wp\/v2\/comments?post=1539"}],"version-history":[{"count":5,"href":"https:\/\/march.hu\/en\/wp-json\/wp\/v2\/pages\/1539\/revisions"}],"predecessor-version":[{"id":1825,"href":"https:\/\/march.hu\/en\/wp-json\/wp\/v2\/pages\/1539\/revisions\/1825"}],"wp:attachment":[{"href":"https:\/\/march.hu\/en\/wp-json\/wp\/v2\/media?parent=1539"}],"curies":[{"name":"wp","href":"https:\/\/api.w.org\/{rel}","templated":true}]}}