{"id":1541,"date":"2024-04-01T07:32:31","date_gmt":"2024-04-01T07:32:31","guid":{"rendered":"https:\/\/march.hu\/scrum-master-training\/"},"modified":"2024-04-24T08:52:29","modified_gmt":"2024-04-24T08:52:29","slug":"scrum-master-training","status":"publish","type":"page","link":"https:\/\/march.hu\/en\/scrum-master-training\/","title":{"rendered":"Scrum Master training"},"content":{"rendered":"\t\t<div data-elementor-type=\"wp-page\" data-elementor-id=\"1541\" class=\"elementor elementor-1541 elementor-1159\" data-elementor-post-type=\"page\">\n\t\t\t\t<div class=\"elementor-element elementor-element-2fdce2d5 e-con-full e-flex e-con e-parent\" data-id=\"2fdce2d5\" data-element_type=\"container\" data-settings=\"{&quot;background_background&quot;:&quot;classic&quot;}\">\n\t\t\t\t<div class=\"elementor-element elementor-element-50367f01 elementor-widget elementor-widget-heading\" data-id=\"50367f01\" data-element_type=\"widget\" data-widget_type=\"heading.default\">\n\t\t\t\t<div class=\"elementor-widget-container\">\n\t\t\t<h2 class=\"elementor-heading-title elementor-size-default\">Scrum Master training\n<\/h2>\t\t<\/div>\n\t\t\t\t<\/div>\n\t\t\t\t<div class=\"elementor-element elementor-element-2029d3d3 elementor-widget elementor-widget-text-editor\" data-id=\"2029d3d3\" data-element_type=\"widget\" data-widget_type=\"text-editor.default\">\n\t\t\t\t<div class=\"elementor-widget-container\">\n\t\t\t\t\t\t\t<p>Location: In person<\/p>\n\t\t\t\t\t\t<\/div>\n\t\t\t\t<\/div>\n\t\t\t\t<\/div>\n\t\t<div class=\"elementor-element elementor-element-706545fa e-flex e-con-boxed e-con e-parent\" data-id=\"706545fa\" data-element_type=\"container\">\n\t\t\t\t\t<div class=\"e-con-inner\">\n\t\t\t\t<div class=\"elementor-element elementor-element-c150c40 elementor-widget elementor-widget-heading\" data-id=\"c150c40\" data-element_type=\"widget\" data-widget_type=\"heading.default\">\n\t\t\t\t<div class=\"elementor-widget-container\">\n\t\t\t<h2 class=\"elementor-heading-title elementor-size-default\">Intro<\/h2>\t\t<\/div>\n\t\t\t\t<\/div>\n\t\t\t\t<div class=\"elementor-element elementor-element-504d423d elementor-widget elementor-widget-text-editor\" data-id=\"504d423d\" data-element_type=\"widget\" data-widget_type=\"text-editor.default\">\n\t\t\t\t<div class=\"elementor-widget-container\">\n\t\t\t\t\t\t\t<p>Are you interested in how Agile teams can be helped to maximize the business value they create? Our training will help you to become an effective Scrum Master in an Agile organization, equipped with practical tools and skills. If you wish, you can also take an exam on your skills after the training, and in this way, you can become internationally recognized certified.<\/p>\n\t\t\t\t\t\t<\/div>\n\t\t\t\t<\/div>\n\t\t<div class=\"elementor-element elementor-element-34b89cc7 e-flex e-con-boxed e-con e-child\" data-id=\"34b89cc7\" data-element_type=\"container\" data-settings=\"{&quot;background_background&quot;:&quot;classic&quot;}\">\n\t\t\t\t\t<div class=\"e-con-inner\">\n\t\t\t\t<div class=\"elementor-element elementor-element-4934cca3 elementor-widget elementor-widget-text-editor\" data-id=\"4934cca3\" data-element_type=\"widget\" data-widget_type=\"text-editor.default\">\n\t\t\t\t<div class=\"elementor-widget-container\">\n\t\t\t\t\t\t\t<p><strong>Target<\/strong><\/p>\n<p>We will teach you how to support your team in their Agile methodology development. And we explain how to facilitate Agile ceremonies such as planning, daily stand-ups, and retrospectives. During the training, you will learn the principles of servant leadership, along which you can help create a high-performing, motivated team that is eager to grow.<\/p>\n\t\t\t\t\t\t<\/div>\n\t\t\t\t<\/div>\n\t\t\t\t\t<\/div>\n\t\t\t\t<\/div>\n\t\t\t\t<div class=\"elementor-element elementor-element-686cc62a elementor-widget elementor-widget-heading\" data-id=\"686cc62a\" data-element_type=\"widget\" data-widget_type=\"heading.default\">\n\t\t\t\t<div class=\"elementor-widget-container\">\n\t\t\t<h2 class=\"elementor-heading-title elementor-size-default\">Whom we recommend it\n<\/h2>\t\t<\/div>\n\t\t\t\t<\/div>\n\t\t\t\t<div class=\"elementor-element elementor-element-11513708 elementor-widget elementor-widget-text-editor\" data-id=\"11513708\" data-element_type=\"widget\" data-widget_type=\"text-editor.default\">\n\t\t\t\t<div class=\"elementor-widget-container\">\n\t\t\t\t\t\t\tWe will teach you how to support your team in their Agile methodology development. And we explain how to facilitate Agile ceremonies such as planning, daily stand-ups, and retrospectives. During the training, you will learn the principles of servant leadership, along which you can help create a high-performing, motivated team that is eager to grow.\n\t\t\t\t\t\t<\/div>\n\t\t\t\t<\/div>\n\t\t\t\t<div class=\"elementor-element elementor-element-257097d elementor-widget elementor-widget-heading\" data-id=\"257097d\" data-element_type=\"widget\" data-widget_type=\"heading.default\">\n\t\t\t\t<div class=\"elementor-widget-container\">\n\t\t\t<h2 class=\"elementor-heading-title elementor-size-default\">Content\n<\/h2>\t\t<\/div>\n\t\t\t\t<\/div>\n\t\t\t\t<div class=\"elementor-element elementor-element-e903bf7 elementor-widget elementor-widget-text-editor\" data-id=\"e903bf7\" data-element_type=\"widget\" data-widget_type=\"text-editor.default\">\n\t\t\t\t<div class=\"elementor-widget-container\">\n\t\t\t\t\t\t\t<ul>\n<li>Agile methodologies<\/li>\n<li>Roles<\/li>\n<li>Ceremonies, events<\/li>\n<li>Toolkit<\/li>\n<li>Reports, graphs<\/li>\n<li>Group management<\/li>\n<\/ul>\n\t\t\t\t\t\t<\/div>\n\t\t\t\t<\/div>\n\t\t\t\t<div class=\"elementor-element elementor-element-129b868b elementor-widget elementor-widget-heading\" data-id=\"129b868b\" data-element_type=\"widget\" data-widget_type=\"heading.default\">\n\t\t\t\t<div class=\"elementor-widget-container\">\n\t\t\t<h2 class=\"elementor-heading-title elementor-size-default\">Description\n\n<\/h2>\t\t<\/div>\n\t\t\t\t<\/div>\n\t\t\t\t<div class=\"elementor-element elementor-element-6e009619 elementor-widget elementor-widget-text-editor\" data-id=\"6e009619\" data-element_type=\"widget\" data-widget_type=\"text-editor.default\">\n\t\t\t\t<div class=\"elementor-widget-container\">\n\t\t\t\t\t\t\t<p>The Scrum Master is the Scrum team&#8217;s guardian, the servant, the one who helps to set the tone for the team, and the one who sets the rhythm. Like the conductor. If you are someone who enjoys helping others to succeed, you are in the right place. If you&#8217;re interested in how agile teams can be supported to maximize the business value they create, you&#8217;re in the right place. Our training will help you to become an effective Scrum Master in an Agile organization, equipped with practical tools and skills.<\/p>\n<p>We will show you what agile is all about and we will introduce you to the Scrum framework. We teach you how to support your team in their Agile methodology development, and we will explain how to facilitate Agile ceremonies (e.g., planning, daily stand-ups, retrospectives). In this training, you can learn how to support your team in mastering the Agile mindset. During the training, you will learn the principles of servant leadership, along which you can help create a high-performing, motivated team that is eager to grow.<\/p>\n<p>If you wish, you can also take an exam after the training and become internationally recognized certified.<\/p>\n\t\t\t\t\t\t<\/div>\n\t\t\t\t<\/div>\n\t\t\t\t<div class=\"elementor-element elementor-element-11de4911 elementor-align-center elementor-widget elementor-widget-button\" data-id=\"11de4911\" data-element_type=\"widget\" data-widget_type=\"button.default\">\n\t\t\t\t<div class=\"elementor-widget-container\">\n\t\t\t\t\t<div class=\"elementor-button-wrapper\">\n\t\t\t<a class=\"elementor-button elementor-button-link elementor-size-sm\" href=\"mailto:info@march.hu\">\n\t\t\t\t\t\t<span class=\"elementor-button-content-wrapper\">\n\t\t\t\t\t\t\t\t\t<span class=\"elementor-button-text\">Apply<\/span>\n\t\t\t\t\t<\/span>\n\t\t\t\t\t<\/a>\n\t\t<\/div>\n\t\t\t\t<\/div>\n\t\t\t\t<\/div>\n\t\t<div class=\"elementor-element elementor-element-6b03c394 e-flex e-con-boxed e-con e-child\" data-id=\"6b03c394\" data-element_type=\"container\" data-settings=\"{&quot;background_background&quot;:&quot;classic&quot;}\">\n\t\t\t\t\t<div class=\"e-con-inner\">\n\t\t<div class=\"elementor-element elementor-element-67945 e-grid e-con-boxed e-con e-child\" data-id=\"67945\" data-element_type=\"container\">\n\t\t\t\t\t<div class=\"e-con-inner\">\n\t\t\t\t<div class=\"elementor-element elementor-element-52a45a21 elementor-widget elementor-widget-text-editor\" data-id=\"52a45a21\" data-element_type=\"widget\" data-widget_type=\"text-editor.default\">\n\t\t\t\t<div class=\"elementor-widget-container\">\n\t\t\t\t\t\t\t<p><strong>Off-site training<\/strong><\/p>\n<div class=\"col-md-6\">\n<div class=\"column_attr clearfix mobile_align_left text-left\">If you are interested in our offsite training, please contact us directly.<\/div>\n<\/div>\n\t\t\t\t\t\t<\/div>\n\t\t\t\t<\/div>\n\t\t\t\t<div class=\"elementor-element elementor-element-16d8fac4 elementor-align-center elementor-widget elementor-widget-button\" data-id=\"16d8fac4\" data-element_type=\"widget\" data-widget_type=\"button.default\">\n\t\t\t\t<div class=\"elementor-widget-container\">\n\t\t\t\t\t<div class=\"elementor-button-wrapper\">\n\t\t\t<a class=\"elementor-button elementor-button-link elementor-size-sm\" href=\"mailto:info@march.hu\">\n\t\t\t\t\t\t<span class=\"elementor-button-content-wrapper\">\n\t\t\t\t\t\t\t\t\t<span class=\"elementor-button-text\">I am interested<\/span>\n\t\t\t\t\t<\/span>\n\t\t\t\t\t<\/a>\n\t\t<\/div>\n\t\t\t\t<\/div>\n\t\t\t\t<\/div>\n\t\t\t\t\t<\/div>\n\t\t\t\t<\/div>\n\t\t\t\t\t<\/div>\n\t\t\t\t<\/div>\n\t\t\t\t\t<\/div>\n\t\t\t\t<\/div>\n\t\t\t\t<\/div>\n\t\t","protected":false},"excerpt":{"rendered":"<p>Scrum Master training Location: In person Intro Are you interested in how Agile teams can be helped to maximize the business value they create? Our training will help you to become an effective Scrum Master in an Agile organization, equipped with practical tools and skills. If you wish, you can also take an exam on [&hellip;]<\/p>\n","protected":false},"author":2,"featured_media":0,"parent":0,"menu_order":0,"comment_status":"closed","ping_status":"closed","template":"","meta":{"footnotes":""},"class_list":["post-1541","page","type-page","status-publish","hentry"],"yoast_head":"<!-- This site is optimized with the Yoast SEO Premium plugin v22.3 (Yoast SEO v22.9) - https:\/\/yoast.com\/wordpress\/plugins\/seo\/ -->\n<title>Scrum Master training - March<\/title>\n<meta name=\"robots\" content=\"index, follow, max-snippet:-1, max-image-preview:large, max-video-preview:-1\" \/>\n<link rel=\"canonical\" href=\"https:\/\/march.hu\/en\/scrum-master-training\/\" \/>\n<meta property=\"og:locale\" content=\"en_US\" \/>\n<meta property=\"og:type\" content=\"article\" \/>\n<meta property=\"og:title\" content=\"Scrum Master training\" \/>\n<meta property=\"og:description\" content=\"Scrum Master training Location: In person Intro Are you interested in how Agile teams can be helped to maximize the business value they create? Our training will help you to become an effective Scrum Master in an Agile organization, equipped with practical tools and skills. If you wish, you can also take an exam on [&hellip;]\" \/>\n<meta property=\"og:url\" content=\"https:\/\/march.hu\/en\/scrum-master-training\/\" \/>\n<meta property=\"og:site_name\" content=\"March\" \/>\n<meta property=\"article:modified_time\" content=\"2024-04-24T08:52:29+00:00\" \/>\n<meta name=\"twitter:card\" content=\"summary_large_image\" \/>\n<meta name=\"twitter:label1\" content=\"Est. reading time\" \/>\n\t<meta name=\"twitter:data1\" content=\"2 minutes\" \/>\n<script type=\"application\/ld+json\" class=\"yoast-schema-graph\">{\"@context\":\"https:\/\/schema.org\",\"@graph\":[{\"@type\":\"WebPage\",\"@id\":\"https:\/\/march.hu\/en\/scrum-master-training\/\",\"url\":\"https:\/\/march.hu\/en\/scrum-master-training\/\",\"name\":\"Scrum Master training - March\",\"isPartOf\":{\"@id\":\"https:\/\/march.hu\/#website\"},\"datePublished\":\"2024-04-01T07:32:31+00:00\",\"dateModified\":\"2024-04-24T08:52:29+00:00\",\"breadcrumb\":{\"@id\":\"https:\/\/march.hu\/en\/scrum-master-training\/#breadcrumb\"},\"inLanguage\":\"en-US\",\"potentialAction\":[{\"@type\":\"ReadAction\",\"target\":[\"https:\/\/march.hu\/en\/scrum-master-training\/\"]}]},{\"@type\":\"BreadcrumbList\",\"@id\":\"https:\/\/march.hu\/en\/scrum-master-training\/#breadcrumb\",\"itemListElement\":[{\"@type\":\"ListItem\",\"position\":1,\"name\":\"Kezd\u0151lap\",\"item\":\"https:\/\/march.hu\/\"},{\"@type\":\"ListItem\",\"position\":2,\"name\":\"Scrum Master training\"}]},{\"@type\":\"WebSite\",\"@id\":\"https:\/\/march.hu\/#website\",\"url\":\"https:\/\/march.hu\/\",\"name\":\"March\",\"description\":\"Az orsz\u00e1g legnagyobb agilis k\u00f6z\u00f6ss\u00e9ge\",\"publisher\":{\"@id\":\"https:\/\/march.hu\/#organization\"},\"potentialAction\":[{\"@type\":\"SearchAction\",\"target\":{\"@type\":\"EntryPoint\",\"urlTemplate\":\"https:\/\/march.hu\/?s={search_term_string}\"},\"query-input\":\"required name=search_term_string\"}],\"inLanguage\":\"en-US\"},{\"@type\":\"Organization\",\"@id\":\"https:\/\/march.hu\/#organization\",\"name\":\"March\",\"url\":\"https:\/\/march.hu\/\",\"logo\":{\"@type\":\"ImageObject\",\"inLanguage\":\"en-US\",\"@id\":\"https:\/\/march.hu\/#\/schema\/logo\/image\/\",\"url\":\"https:\/\/march.hu\/wp-content\/uploads\/2024\/03\/favicon.png\",\"contentUrl\":\"https:\/\/march.hu\/wp-content\/uploads\/2024\/03\/favicon.png\",\"width\":211,\"height\":306,\"caption\":\"March\"},\"image\":{\"@id\":\"https:\/\/march.hu\/#\/schema\/logo\/image\/\"}}]}<\/script>\n<!-- \/ Yoast SEO Premium plugin. -->","yoast_head_json":{"title":"Scrum Master training - March","robots":{"index":"index","follow":"follow","max-snippet":"max-snippet:-1","max-image-preview":"max-image-preview:large","max-video-preview":"max-video-preview:-1"},"canonical":"https:\/\/march.hu\/en\/scrum-master-training\/","og_locale":"en_US","og_type":"article","og_title":"Scrum Master training","og_description":"Scrum Master training Location: In person Intro Are you interested in how Agile teams can be helped to maximize the business value they create? Our training will help you to become an effective Scrum Master in an Agile organization, equipped with practical tools and skills. If you wish, you can also take an exam on [&hellip;]","og_url":"https:\/\/march.hu\/en\/scrum-master-training\/","og_site_name":"March","article_modified_time":"2024-04-24T08:52:29+00:00","twitter_card":"summary_large_image","twitter_misc":{"Est. reading time":"2 minutes"},"schema":{"@context":"https:\/\/schema.org","@graph":[{"@type":"WebPage","@id":"https:\/\/march.hu\/en\/scrum-master-training\/","url":"https:\/\/march.hu\/en\/scrum-master-training\/","name":"Scrum Master training - March","isPartOf":{"@id":"https:\/\/march.hu\/#website"},"datePublished":"2024-04-01T07:32:31+00:00","dateModified":"2024-04-24T08:52:29+00:00","breadcrumb":{"@id":"https:\/\/march.hu\/en\/scrum-master-training\/#breadcrumb"},"inLanguage":"en-US","potentialAction":[{"@type":"ReadAction","target":["https:\/\/march.hu\/en\/scrum-master-training\/"]}]},{"@type":"BreadcrumbList","@id":"https:\/\/march.hu\/en\/scrum-master-training\/#breadcrumb","itemListElement":[{"@type":"ListItem","position":1,"name":"Kezd\u0151lap","item":"https:\/\/march.hu\/"},{"@type":"ListItem","position":2,"name":"Scrum Master training"}]},{"@type":"WebSite","@id":"https:\/\/march.hu\/#website","url":"https:\/\/march.hu\/","name":"March","description":"Az orsz\u00e1g legnagyobb agilis k\u00f6z\u00f6ss\u00e9ge","publisher":{"@id":"https:\/\/march.hu\/#organization"},"potentialAction":[{"@type":"SearchAction","target":{"@type":"EntryPoint","urlTemplate":"https:\/\/march.hu\/?s={search_term_string}"},"query-input":"required name=search_term_string"}],"inLanguage":"en-US"},{"@type":"Organization","@id":"https:\/\/march.hu\/#organization","name":"March","url":"https:\/\/march.hu\/","logo":{"@type":"ImageObject","inLanguage":"en-US","@id":"https:\/\/march.hu\/#\/schema\/logo\/image\/","url":"https:\/\/march.hu\/wp-content\/uploads\/2024\/03\/favicon.png","contentUrl":"https:\/\/march.hu\/wp-content\/uploads\/2024\/03\/favicon.png","width":211,"height":306,"caption":"March"},"image":{"@id":"https:\/\/march.hu\/#\/schema\/logo\/image\/"}}]}},"_links":{"self":[{"href":"https:\/\/march.hu\/en\/wp-json\/wp\/v2\/pages\/1541","targetHints":{"allow":["GET"]}}],"collection":[{"href":"https:\/\/march.hu\/en\/wp-json\/wp\/v2\/pages"}],"about":[{"href":"https:\/\/march.hu\/en\/wp-json\/wp\/v2\/types\/page"}],"author":[{"embeddable":true,"href":"https:\/\/march.hu\/en\/wp-json\/wp\/v2\/users\/2"}],"replies":[{"embeddable":true,"href":"https:\/\/march.hu\/en\/wp-json\/wp\/v2\/comments?post=1541"}],"version-history":[{"count":5,"href":"https:\/\/march.hu\/en\/wp-json\/wp\/v2\/pages\/1541\/revisions"}],"predecessor-version":[{"id":1851,"href":"https:\/\/march.hu\/en\/wp-json\/wp\/v2\/pages\/1541\/revisions\/1851"}],"wp:attachment":[{"href":"https:\/\/march.hu\/en\/wp-json\/wp\/v2\/media?parent=1541"}],"curies":[{"name":"wp","href":"https:\/\/api.w.org\/{rel}","templated":true}]}}