{"id":1543,"date":"2024-04-01T07:29:04","date_gmt":"2024-04-01T07:29:04","guid":{"rendered":"https:\/\/march.hu\/management-3-0-workshop\/"},"modified":"2024-04-24T08:53:38","modified_gmt":"2024-04-24T08:53:38","slug":"management-3-0-workshop","status":"publish","type":"page","link":"https:\/\/march.hu\/en\/management-3-0-workshop\/","title":{"rendered":"Management 3.0 workshop"},"content":{"rendered":"\t\t<div data-elementor-type=\"wp-page\" data-elementor-id=\"1543\" class=\"elementor elementor-1543 elementor-1150\" data-elementor-post-type=\"page\">\n\t\t\t\t<div class=\"elementor-element elementor-element-1224540b e-con-full e-flex e-con e-parent\" data-id=\"1224540b\" data-element_type=\"container\" data-settings=\"{&quot;background_background&quot;:&quot;classic&quot;}\">\n\t\t\t\t<div class=\"elementor-element elementor-element-7bd6111 elementor-widget elementor-widget-heading\" data-id=\"7bd6111\" data-element_type=\"widget\" data-widget_type=\"heading.default\">\n\t\t\t\t<div class=\"elementor-widget-container\">\n\t\t\t<h2 class=\"elementor-heading-title elementor-size-default\">Management 3.0 workshop<\/h2>\t\t<\/div>\n\t\t\t\t<\/div>\n\t\t\t\t<div class=\"elementor-element elementor-element-c3f20cb elementor-widget elementor-widget-text-editor\" data-id=\"c3f20cb\" data-element_type=\"widget\" data-widget_type=\"text-editor.default\">\n\t\t\t\t<div class=\"elementor-widget-container\">\n\t\t\t\t\t\t\t<p><strong>Roland Szmola, Zsu Danka<\/strong><\/p>\n<p>Location: In person<\/p>\n\t\t\t\t\t\t<\/div>\n\t\t\t\t<\/div>\n\t\t\t\t<\/div>\n\t\t<div class=\"elementor-element elementor-element-6f4c43b3 e-flex e-con-boxed e-con e-parent\" data-id=\"6f4c43b3\" data-element_type=\"container\">\n\t\t\t\t\t<div class=\"e-con-inner\">\n\t\t\t\t<div class=\"elementor-element elementor-element-da6a543 elementor-widget elementor-widget-heading\" data-id=\"da6a543\" data-element_type=\"widget\" data-widget_type=\"heading.default\">\n\t\t\t\t<div class=\"elementor-widget-container\">\n\t\t\t<h2 class=\"elementor-heading-title elementor-size-default\">Intro<\/h2>\t\t<\/div>\n\t\t\t\t<\/div>\n\t\t\t\t<div class=\"elementor-element elementor-element-517308d9 elementor-widget elementor-widget-text-editor\" data-id=\"517308d9\" data-element_type=\"widget\" data-widget_type=\"text-editor.default\">\n\t\t\t\t<div class=\"elementor-widget-container\">\n\t\t\t\t\t\t\t<p>Lead the change! Is your team under-motivated? Are they always expecting you to make the decisions, and they don\u2019t want to take responsibility? Have you been working with a team for months\/years and want to measure where you are? Do you also need feedback? Have you read a lot of management books but have not been able to put them fully into practice?<\/p>\n<p>If you fare facing any of these challenges, then this workshop is for you!<\/p>\n<p>Management 3.0 workshop is not only fun, but more importantly, it is practical. It provides practical tools and practices that participants can try out the very next day. It is not a new model, but a way of thinking, a variation of advice and techniques that will help all members of the organization (not just managers) to be effective in this changing world.<\/p>\n<p>During the training, we will do experiments together that will introduce you to the mindset that leadership is not just the responsibility of managers, but of everyone. Thus, we recommend the training for everyone! It is especially beneficial for experts who are responsible for the change in the organization.<\/p>\n\t\t\t\t\t\t<\/div>\n\t\t\t\t<\/div>\n\t\t\t\t<div class=\"elementor-element elementor-element-59d951b0 elementor-widget elementor-widget-heading\" data-id=\"59d951b0\" data-element_type=\"widget\" data-widget_type=\"heading.default\">\n\t\t\t\t<div class=\"elementor-widget-container\">\n\t\t\t<h2 class=\"elementor-heading-title elementor-size-default\">Content\n<\/h2>\t\t<\/div>\n\t\t\t\t<\/div>\n\t\t\t\t<div class=\"elementor-element elementor-element-40c0fc7e elementor-widget elementor-widget-text-editor\" data-id=\"40c0fc7e\" data-element_type=\"widget\" data-widget_type=\"text-editor.default\">\n\t\t\t\t<div class=\"elementor-widget-container\">\n\t\t\t\t\t\t\t<p>The training answers management questions such as:<\/p>\n<ul>\n<li>How to choose a motivational tool in different situations?<\/li>\n<li>How can I increase the sense of ownership in my colleagues?<\/li>\n<li>How can we change the corporate culture?<\/li>\n<\/ul>\n<p>All parts of the course include practical exercises and tools. The six modules are:<\/p>\n<ul>\n<li>Energizing people\n<ul>\n<li>People are the most important part of an organization, so leaders must do everything they can to keep them active, creative, and motivated.<\/li>\n<\/ul>\n<\/li>\n<li>Empowering teams\n<ul>\n<li>The self-organization of the teams requires an appropriate environment, empowerment, and the trust of the managers.<\/li>\n<\/ul>\n<\/li>\n<li>Clarifying responsibilities\n<ul>\n<li>The outcome of self-organization can be anything, so it is important to have a common set of values, a culture, and clear well-defined goals.<\/li>\n<\/ul>\n<\/li>\n<li>Developing competences\n<ul>\n<li>Teams cannot achieve their goals if team members do not have the skills to do so, so it is important that the leaders help develop the right competencies.<\/li>\n<\/ul>\n<\/li>\n<li>Organizational cooperation\n<ul>\n<li>Teams work within a complex organization, so it is important to have the right organizational structure to support their work.<\/li>\n<\/ul>\n<\/li>\n<li>Change management\n<ul>\n<li>People, teams, and organizations need to constantly evolve to be able to adapt to an ever-changing environment.<\/li>\n<\/ul>\n<\/li>\n<\/ul>\n\t\t\t\t\t\t<\/div>\n\t\t\t\t<\/div>\n\t\t\t\t<div class=\"elementor-element elementor-element-11f7bb1b elementor-align-center elementor-widget elementor-widget-button\" data-id=\"11f7bb1b\" data-element_type=\"widget\" data-widget_type=\"button.default\">\n\t\t\t\t<div class=\"elementor-widget-container\">\n\t\t\t\t\t<div class=\"elementor-button-wrapper\">\n\t\t\t<a class=\"elementor-button elementor-button-link elementor-size-sm\" href=\"mailto:info@march.hu\">\n\t\t\t\t\t\t<span class=\"elementor-button-content-wrapper\">\n\t\t\t\t\t\t\t\t\t<span class=\"elementor-button-text\">Apply<\/span>\n\t\t\t\t\t<\/span>\n\t\t\t\t\t<\/a>\n\t\t<\/div>\n\t\t\t\t<\/div>\n\t\t\t\t<\/div>\n\t\t<div class=\"elementor-element elementor-element-11e1a9a2 e-flex e-con-boxed e-con e-child\" data-id=\"11e1a9a2\" data-element_type=\"container\" data-settings=\"{&quot;background_background&quot;:&quot;classic&quot;}\">\n\t\t\t\t\t<div class=\"e-con-inner\">\n\t\t<div class=\"elementor-element elementor-element-41339937 e-grid e-con-boxed e-con e-child\" data-id=\"41339937\" data-element_type=\"container\">\n\t\t\t\t\t<div class=\"e-con-inner\">\n\t\t\t\t<div class=\"elementor-element elementor-element-60e71fce elementor-widget elementor-widget-text-editor\" data-id=\"60e71fce\" data-element_type=\"widget\" data-widget_type=\"text-editor.default\">\n\t\t\t\t<div class=\"elementor-widget-container\">\n\t\t\t\t\t\t\t<p><strong>Off-site training<\/strong><\/p>\n<div class=\"col-md-6\">\n<div class=\"column_attr clearfix mobile_align_left text-left\">If you are interested in our offsite training, please contact us directly.<\/div>\n<\/div>\n\t\t\t\t\t\t<\/div>\n\t\t\t\t<\/div>\n\t\t\t\t<div class=\"elementor-element elementor-element-36bb19b3 elementor-align-center elementor-widget elementor-widget-button\" data-id=\"36bb19b3\" data-element_type=\"widget\" data-widget_type=\"button.default\">\n\t\t\t\t<div class=\"elementor-widget-container\">\n\t\t\t\t\t<div class=\"elementor-button-wrapper\">\n\t\t\t<a class=\"elementor-button elementor-button-link elementor-size-sm\" href=\"mailto:info@march.hu\">\n\t\t\t\t\t\t<span class=\"elementor-button-content-wrapper\">\n\t\t\t\t\t\t\t\t\t<span class=\"elementor-button-text\">I am interested<\/span>\n\t\t\t\t\t<\/span>\n\t\t\t\t\t<\/a>\n\t\t<\/div>\n\t\t\t\t<\/div>\n\t\t\t\t<\/div>\n\t\t\t\t\t<\/div>\n\t\t\t\t<\/div>\n\t\t\t\t\t<\/div>\n\t\t\t\t<\/div>\n\t\t\t\t\t<\/div>\n\t\t\t\t<\/div>\n\t\t\t\t<\/div>\n\t\t","protected":false},"excerpt":{"rendered":"<p>Management 3.0 workshop Roland Szmola, Zsu Danka Location: In person Intro Lead the change! Is your team under-motivated? Are they always expecting you to make the decisions, and they don\u2019t want to take responsibility? Have you been working with a team for months\/years and want to measure where you are? Do you also need feedback? [&hellip;]<\/p>\n","protected":false},"author":2,"featured_media":0,"parent":0,"menu_order":0,"comment_status":"closed","ping_status":"closed","template":"","meta":{"footnotes":""},"class_list":["post-1543","page","type-page","status-publish","hentry"],"yoast_head":"<!-- This site is optimized with the Yoast SEO Premium plugin v22.3 (Yoast SEO v22.9) - https:\/\/yoast.com\/wordpress\/plugins\/seo\/ -->\n<title>Management 3.0 workshop - March<\/title>\n<meta name=\"robots\" content=\"index, follow, max-snippet:-1, max-image-preview:large, max-video-preview:-1\" \/>\n<link rel=\"canonical\" href=\"https:\/\/march.hu\/en\/management-3-0-workshop\/\" \/>\n<meta property=\"og:locale\" content=\"en_US\" \/>\n<meta property=\"og:type\" content=\"article\" \/>\n<meta property=\"og:title\" content=\"Management 3.0 workshop\" \/>\n<meta property=\"og:description\" content=\"Management 3.0 workshop Roland Szmola, Zsu Danka Location: In person Intro Lead the change! Is your team under-motivated? Are they always expecting you to make the decisions, and they don\u2019t want to take responsibility? Have you been working with a team for months\/years and want to measure where you are? Do you also need feedback? [&hellip;]\" \/>\n<meta property=\"og:url\" content=\"https:\/\/march.hu\/en\/management-3-0-workshop\/\" \/>\n<meta property=\"og:site_name\" content=\"March\" \/>\n<meta property=\"article:modified_time\" content=\"2024-04-24T08:53:38+00:00\" \/>\n<meta name=\"twitter:card\" content=\"summary_large_image\" \/>\n<meta name=\"twitter:label1\" content=\"Est. reading time\" \/>\n\t<meta name=\"twitter:data1\" content=\"2 minutes\" \/>\n<script type=\"application\/ld+json\" class=\"yoast-schema-graph\">{\"@context\":\"https:\/\/schema.org\",\"@graph\":[{\"@type\":\"WebPage\",\"@id\":\"https:\/\/march.hu\/en\/management-3-0-workshop\/\",\"url\":\"https:\/\/march.hu\/en\/management-3-0-workshop\/\",\"name\":\"Management 3.0 workshop - March\",\"isPartOf\":{\"@id\":\"https:\/\/march.hu\/#website\"},\"datePublished\":\"2024-04-01T07:29:04+00:00\",\"dateModified\":\"2024-04-24T08:53:38+00:00\",\"breadcrumb\":{\"@id\":\"https:\/\/march.hu\/en\/management-3-0-workshop\/#breadcrumb\"},\"inLanguage\":\"en-US\",\"potentialAction\":[{\"@type\":\"ReadAction\",\"target\":[\"https:\/\/march.hu\/en\/management-3-0-workshop\/\"]}]},{\"@type\":\"BreadcrumbList\",\"@id\":\"https:\/\/march.hu\/en\/management-3-0-workshop\/#breadcrumb\",\"itemListElement\":[{\"@type\":\"ListItem\",\"position\":1,\"name\":\"Kezd\u0151lap\",\"item\":\"https:\/\/march.hu\/\"},{\"@type\":\"ListItem\",\"position\":2,\"name\":\"Management 3.0 workshop\"}]},{\"@type\":\"WebSite\",\"@id\":\"https:\/\/march.hu\/#website\",\"url\":\"https:\/\/march.hu\/\",\"name\":\"March\",\"description\":\"Az orsz\u00e1g legnagyobb agilis k\u00f6z\u00f6ss\u00e9ge\",\"publisher\":{\"@id\":\"https:\/\/march.hu\/#organization\"},\"potentialAction\":[{\"@type\":\"SearchAction\",\"target\":{\"@type\":\"EntryPoint\",\"urlTemplate\":\"https:\/\/march.hu\/?s={search_term_string}\"},\"query-input\":\"required name=search_term_string\"}],\"inLanguage\":\"en-US\"},{\"@type\":\"Organization\",\"@id\":\"https:\/\/march.hu\/#organization\",\"name\":\"March\",\"url\":\"https:\/\/march.hu\/\",\"logo\":{\"@type\":\"ImageObject\",\"inLanguage\":\"en-US\",\"@id\":\"https:\/\/march.hu\/#\/schema\/logo\/image\/\",\"url\":\"https:\/\/march.hu\/wp-content\/uploads\/2024\/03\/favicon.png\",\"contentUrl\":\"https:\/\/march.hu\/wp-content\/uploads\/2024\/03\/favicon.png\",\"width\":211,\"height\":306,\"caption\":\"March\"},\"image\":{\"@id\":\"https:\/\/march.hu\/#\/schema\/logo\/image\/\"}}]}<\/script>\n<!-- \/ Yoast SEO Premium plugin. -->","yoast_head_json":{"title":"Management 3.0 workshop - March","robots":{"index":"index","follow":"follow","max-snippet":"max-snippet:-1","max-image-preview":"max-image-preview:large","max-video-preview":"max-video-preview:-1"},"canonical":"https:\/\/march.hu\/en\/management-3-0-workshop\/","og_locale":"en_US","og_type":"article","og_title":"Management 3.0 workshop","og_description":"Management 3.0 workshop Roland Szmola, Zsu Danka Location: In person Intro Lead the change! Is your team under-motivated? Are they always expecting you to make the decisions, and they don\u2019t want to take responsibility? Have you been working with a team for months\/years and want to measure where you are? Do you also need feedback? [&hellip;]","og_url":"https:\/\/march.hu\/en\/management-3-0-workshop\/","og_site_name":"March","article_modified_time":"2024-04-24T08:53:38+00:00","twitter_card":"summary_large_image","twitter_misc":{"Est. reading time":"2 minutes"},"schema":{"@context":"https:\/\/schema.org","@graph":[{"@type":"WebPage","@id":"https:\/\/march.hu\/en\/management-3-0-workshop\/","url":"https:\/\/march.hu\/en\/management-3-0-workshop\/","name":"Management 3.0 workshop - March","isPartOf":{"@id":"https:\/\/march.hu\/#website"},"datePublished":"2024-04-01T07:29:04+00:00","dateModified":"2024-04-24T08:53:38+00:00","breadcrumb":{"@id":"https:\/\/march.hu\/en\/management-3-0-workshop\/#breadcrumb"},"inLanguage":"en-US","potentialAction":[{"@type":"ReadAction","target":["https:\/\/march.hu\/en\/management-3-0-workshop\/"]}]},{"@type":"BreadcrumbList","@id":"https:\/\/march.hu\/en\/management-3-0-workshop\/#breadcrumb","itemListElement":[{"@type":"ListItem","position":1,"name":"Kezd\u0151lap","item":"https:\/\/march.hu\/"},{"@type":"ListItem","position":2,"name":"Management 3.0 workshop"}]},{"@type":"WebSite","@id":"https:\/\/march.hu\/#website","url":"https:\/\/march.hu\/","name":"March","description":"Az orsz\u00e1g legnagyobb agilis k\u00f6z\u00f6ss\u00e9ge","publisher":{"@id":"https:\/\/march.hu\/#organization"},"potentialAction":[{"@type":"SearchAction","target":{"@type":"EntryPoint","urlTemplate":"https:\/\/march.hu\/?s={search_term_string}"},"query-input":"required name=search_term_string"}],"inLanguage":"en-US"},{"@type":"Organization","@id":"https:\/\/march.hu\/#organization","name":"March","url":"https:\/\/march.hu\/","logo":{"@type":"ImageObject","inLanguage":"en-US","@id":"https:\/\/march.hu\/#\/schema\/logo\/image\/","url":"https:\/\/march.hu\/wp-content\/uploads\/2024\/03\/favicon.png","contentUrl":"https:\/\/march.hu\/wp-content\/uploads\/2024\/03\/favicon.png","width":211,"height":306,"caption":"March"},"image":{"@id":"https:\/\/march.hu\/#\/schema\/logo\/image\/"}}]}},"_links":{"self":[{"href":"https:\/\/march.hu\/en\/wp-json\/wp\/v2\/pages\/1543","targetHints":{"allow":["GET"]}}],"collection":[{"href":"https:\/\/march.hu\/en\/wp-json\/wp\/v2\/pages"}],"about":[{"href":"https:\/\/march.hu\/en\/wp-json\/wp\/v2\/types\/page"}],"author":[{"embeddable":true,"href":"https:\/\/march.hu\/en\/wp-json\/wp\/v2\/users\/2"}],"replies":[{"embeddable":true,"href":"https:\/\/march.hu\/en\/wp-json\/wp\/v2\/comments?post=1543"}],"version-history":[{"count":5,"href":"https:\/\/march.hu\/en\/wp-json\/wp\/v2\/pages\/1543\/revisions"}],"predecessor-version":[{"id":1864,"href":"https:\/\/march.hu\/en\/wp-json\/wp\/v2\/pages\/1543\/revisions\/1864"}],"wp:attachment":[{"href":"https:\/\/march.hu\/en\/wp-json\/wp\/v2\/media?parent=1543"}],"curies":[{"name":"wp","href":"https:\/\/api.w.org\/{rel}","templated":true}]}}