{"id":1545,"date":"2024-04-01T07:26:04","date_gmt":"2024-04-01T07:26:04","guid":{"rendered":"https:\/\/march.hu\/agile-basics-for-teams\/"},"modified":"2024-04-24T00:54:35","modified_gmt":"2024-04-24T00:54:35","slug":"agile-basics-for-teams","status":"publish","type":"page","link":"https:\/\/march.hu\/en\/agile-basics-for-teams\/","title":{"rendered":"Agile basics for teams"},"content":{"rendered":"\t\t<div data-elementor-type=\"wp-page\" data-elementor-id=\"1545\" class=\"elementor elementor-1545 elementor-1135\" data-elementor-post-type=\"page\">\n\t\t\t\t<div class=\"elementor-element elementor-element-1c1be9c0 e-con-full e-flex e-con e-parent\" data-id=\"1c1be9c0\" data-element_type=\"container\" data-settings=\"{&quot;background_background&quot;:&quot;classic&quot;}\">\n\t\t\t\t<div class=\"elementor-element elementor-element-3aafd682 elementor-widget elementor-widget-heading\" data-id=\"3aafd682\" data-element_type=\"widget\" data-widget_type=\"heading.default\">\n\t\t\t\t<div class=\"elementor-widget-container\">\n\t\t\t<h2 class=\"elementor-heading-title elementor-size-default\">Agile basics for teams<\/h2>\t\t<\/div>\n\t\t\t\t<\/div>\n\t\t\t\t<div class=\"elementor-element elementor-element-1a15f52f elementor-widget elementor-widget-text-editor\" data-id=\"1a15f52f\" data-element_type=\"widget\" data-widget_type=\"text-editor.default\">\n\t\t\t\t<div class=\"elementor-widget-container\">\n\t\t\t\t\t\t\t<p><strong>Roland Szmola, Zsu Danka, Bal\u00e1zs Szab\u00f3<\/strong><\/p>\n<p>Location: In person<\/p>\n\t\t\t\t\t\t<\/div>\n\t\t\t\t<\/div>\n\t\t\t\t<\/div>\n\t\t<div class=\"elementor-element elementor-element-461f73bc e-flex e-con-boxed e-con e-parent\" data-id=\"461f73bc\" data-element_type=\"container\">\n\t\t\t\t\t<div class=\"e-con-inner\">\n\t\t\t\t<div class=\"elementor-element elementor-element-2b825549 elementor-widget elementor-widget-heading\" data-id=\"2b825549\" data-element_type=\"widget\" data-widget_type=\"heading.default\">\n\t\t\t\t<div class=\"elementor-widget-container\">\n\t\t\t<h2 class=\"elementor-heading-title elementor-size-default\">Intro<\/h2>\t\t<\/div>\n\t\t\t\t<\/div>\n\t\t\t\t<div class=\"elementor-element elementor-element-8b32393 elementor-widget elementor-widget-text-editor\" data-id=\"8b32393\" data-element_type=\"widget\" data-widget_type=\"text-editor.default\">\n\t\t\t\t<div class=\"elementor-widget-container\">\n\t\t\t\t\t\t\t<p>When switching to Agile methodology, it is of utmost importance that the people and experts involved in the change understand the challenges they are facing and what working in a new environment entails.<\/p>\n\t\t\t\t\t\t<\/div>\n\t\t\t\t<\/div>\n\t\t<div class=\"elementor-element elementor-element-5294ff2f e-flex e-con-boxed e-con e-child\" data-id=\"5294ff2f\" data-element_type=\"container\" data-settings=\"{&quot;background_background&quot;:&quot;classic&quot;}\">\n\t\t\t\t\t<div class=\"e-con-inner\">\n\t\t\t\t<div class=\"elementor-element elementor-element-373d73dd elementor-widget elementor-widget-text-editor\" data-id=\"373d73dd\" data-element_type=\"widget\" data-widget_type=\"text-editor.default\">\n\t\t\t\t<div class=\"elementor-widget-container\">\n\t\t\t\t\t\t\t<p><strong>Target<\/strong><\/p>\n<p>To get participants to speak a common language and understand the basic concepts related to Agility.<\/p>\n\t\t\t\t\t\t<\/div>\n\t\t\t\t<\/div>\n\t\t\t\t\t<\/div>\n\t\t\t\t<\/div>\n\t\t\t\t<div class=\"elementor-element elementor-element-1848aed1 elementor-widget elementor-widget-heading\" data-id=\"1848aed1\" data-element_type=\"widget\" data-widget_type=\"heading.default\">\n\t\t\t\t<div class=\"elementor-widget-container\">\n\t\t\t<h2 class=\"elementor-heading-title elementor-size-default\">Whom we recommend it\n<\/h2>\t\t<\/div>\n\t\t\t\t<\/div>\n\t\t\t\t<div class=\"elementor-element elementor-element-49372b72 elementor-widget elementor-widget-text-editor\" data-id=\"49372b72\" data-element_type=\"widget\" data-widget_type=\"text-editor.default\">\n\t\t\t\t<div class=\"elementor-widget-container\">\n\t\t\t\t\t\t\tIdeal for people who are just learning about Agility or who need to cope with a transformation in a new environment.\n\t\t\t\t\t\t<\/div>\n\t\t\t\t<\/div>\n\t\t\t\t<div class=\"elementor-element elementor-element-607fab23 elementor-widget elementor-widget-heading\" data-id=\"607fab23\" data-element_type=\"widget\" data-widget_type=\"heading.default\">\n\t\t\t\t<div class=\"elementor-widget-container\">\n\t\t\t<h2 class=\"elementor-heading-title elementor-size-default\">Content\n<\/h2>\t\t<\/div>\n\t\t\t\t<\/div>\n\t\t\t\t<div class=\"elementor-element elementor-element-2a7e47b8 elementor-widget elementor-widget-text-editor\" data-id=\"2a7e47b8\" data-element_type=\"widget\" data-widget_type=\"text-editor.default\">\n\t\t\t\t<div class=\"elementor-widget-container\">\n\t\t\t\t\t\t\t<ul>\n<li>Introduction to Agile<\/li>\n<li>Introduction to the basic frameworks: Scrum, Kanban<\/li>\n<li>Roles<\/li>\n<li>Events<\/li>\n<li>Continuous improvement<\/li>\n<li>Deliverables (driven by values), deliverables, documentation<\/li>\n<li>Misconceptions, pitfalls<\/li>\n<li> <\/li>\n<\/ul>\n\t\t\t\t\t\t<\/div>\n\t\t\t\t<\/div>\n\t\t\t\t<div class=\"elementor-element elementor-element-78d2241d elementor-widget elementor-widget-heading\" data-id=\"78d2241d\" data-element_type=\"widget\" data-widget_type=\"heading.default\">\n\t\t\t\t<div class=\"elementor-widget-container\">\n\t\t\t<h2 class=\"elementor-heading-title elementor-size-default\">Description\n\n<\/h2>\t\t<\/div>\n\t\t\t\t<\/div>\n\t\t\t\t<div class=\"elementor-element elementor-element-4767d0ce elementor-widget elementor-widget-text-editor\" data-id=\"4767d0ce\" data-element_type=\"widget\" data-widget_type=\"text-editor.default\">\n\t\t\t\t<div class=\"elementor-widget-container\">\n\t\t\t\t\t\t\t<p>Is your team on the path to agility? If so, then you&#8217;re in the right place! It is important that the people and experts involved in the change understand the challenges they will face and what working in a new environment entails.<\/p>\n<p>The aim of the training is to get the participants of the transformation to speak a common language and understand the basic concepts related to agility.<\/p>\n<p>During the training, you will learn what agile thinking means, and what are the frameworks. You will learn about the roles and responsibilities of team members, while you will also learn about the ceremonies that exist in agile operations. We&#8217;ll show you what it means to continuously improve processes in agile, what is value-driven delivery and what the most common misconceptions and pitfalls of agile are.<\/p>\n\t\t\t\t\t\t<\/div>\n\t\t\t\t<\/div>\n\t\t\t\t<div class=\"elementor-element elementor-element-416c89e8 elementor-align-center elementor-widget elementor-widget-button\" data-id=\"416c89e8\" data-element_type=\"widget\" data-widget_type=\"button.default\">\n\t\t\t\t<div class=\"elementor-widget-container\">\n\t\t\t\t\t<div class=\"elementor-button-wrapper\">\n\t\t\t<a class=\"elementor-button elementor-button-link elementor-size-sm\" href=\"mailto:info@march.hu\">\n\t\t\t\t\t\t<span class=\"elementor-button-content-wrapper\">\n\t\t\t\t\t\t\t\t\t<span class=\"elementor-button-text\">Apply<\/span>\n\t\t\t\t\t<\/span>\n\t\t\t\t\t<\/a>\n\t\t<\/div>\n\t\t\t\t<\/div>\n\t\t\t\t<\/div>\n\t\t<div class=\"elementor-element elementor-element-f9a7da3 e-flex e-con-boxed e-con e-child\" data-id=\"f9a7da3\" data-element_type=\"container\" data-settings=\"{&quot;background_background&quot;:&quot;classic&quot;}\">\n\t\t\t\t\t<div class=\"e-con-inner\">\n\t\t<div class=\"elementor-element elementor-element-1e2e0940 e-grid e-con-boxed e-con e-child\" data-id=\"1e2e0940\" data-element_type=\"container\">\n\t\t\t\t\t<div class=\"e-con-inner\">\n\t\t\t\t<div class=\"elementor-element elementor-element-5582b056 elementor-widget elementor-widget-text-editor\" data-id=\"5582b056\" data-element_type=\"widget\" data-widget_type=\"text-editor.default\">\n\t\t\t\t<div class=\"elementor-widget-container\">\n\t\t\t\t\t\t\t<p><strong>Off-site training<\/strong><\/p>\n<div class=\"col-md-6\">\n<div class=\"column_attr clearfix mobile_align_left text-left\">If you are interested in our offsite training, please contact us directly.<\/div>\n<\/div>\n\t\t\t\t\t\t<\/div>\n\t\t\t\t<\/div>\n\t\t\t\t<div class=\"elementor-element elementor-element-46ff16fb elementor-align-center elementor-widget elementor-widget-button\" data-id=\"46ff16fb\" data-element_type=\"widget\" data-widget_type=\"button.default\">\n\t\t\t\t<div class=\"elementor-widget-container\">\n\t\t\t\t\t<div class=\"elementor-button-wrapper\">\n\t\t\t<a class=\"elementor-button elementor-button-link elementor-size-sm\" href=\"mailto:info@march.hu\">\n\t\t\t\t\t\t<span class=\"elementor-button-content-wrapper\">\n\t\t\t\t\t\t\t\t\t<span class=\"elementor-button-text\">I am interested<\/span>\n\t\t\t\t\t<\/span>\n\t\t\t\t\t<\/a>\n\t\t<\/div>\n\t\t\t\t<\/div>\n\t\t\t\t<\/div>\n\t\t\t\t\t<\/div>\n\t\t\t\t<\/div>\n\t\t\t\t\t<\/div>\n\t\t\t\t<\/div>\n\t\t\t\t\t<\/div>\n\t\t\t\t<\/div>\n\t\t\t\t<\/div>\n\t\t","protected":false},"excerpt":{"rendered":"<p>Agile basics for teams Roland Szmola, Zsu Danka, Bal\u00e1zs Szab\u00f3 Location: In person Intro When switching to Agile methodology, it is of utmost importance that the people and experts involved in the change understand the challenges they are facing and what working in a new environment entails. Target To get participants to speak a common [&hellip;]<\/p>\n","protected":false},"author":2,"featured_media":0,"parent":0,"menu_order":0,"comment_status":"closed","ping_status":"closed","template":"","meta":{"footnotes":""},"class_list":["post-1545","page","type-page","status-publish","hentry"],"yoast_head":"<!-- This site is optimized with the Yoast SEO Premium plugin v22.3 (Yoast SEO v22.9) - https:\/\/yoast.com\/wordpress\/plugins\/seo\/ -->\n<title>Agile basics for teams - March<\/title>\n<meta name=\"robots\" content=\"index, follow, max-snippet:-1, max-image-preview:large, max-video-preview:-1\" \/>\n<link rel=\"canonical\" href=\"https:\/\/march.hu\/en\/agile-basics-for-teams\/\" \/>\n<meta property=\"og:locale\" content=\"en_US\" \/>\n<meta property=\"og:type\" content=\"article\" \/>\n<meta property=\"og:title\" content=\"Agile basics for teams\" \/>\n<meta property=\"og:description\" content=\"Agile basics for teams Roland Szmola, Zsu Danka, Bal\u00e1zs Szab\u00f3 Location: In person Intro When switching to Agile methodology, it is of utmost importance that the people and experts involved in the change understand the challenges they are facing and what working in a new environment entails. Target To get participants to speak a common [&hellip;]\" \/>\n<meta property=\"og:url\" content=\"https:\/\/march.hu\/en\/agile-basics-for-teams\/\" \/>\n<meta property=\"og:site_name\" content=\"March\" \/>\n<meta property=\"article:modified_time\" content=\"2024-04-24T00:54:35+00:00\" \/>\n<meta name=\"twitter:card\" content=\"summary_large_image\" \/>\n<meta name=\"twitter:label1\" content=\"Est. reading time\" \/>\n\t<meta name=\"twitter:data1\" content=\"1 minute\" \/>\n<script type=\"application\/ld+json\" class=\"yoast-schema-graph\">{\"@context\":\"https:\/\/schema.org\",\"@graph\":[{\"@type\":\"WebPage\",\"@id\":\"https:\/\/march.hu\/en\/agile-basics-for-teams\/\",\"url\":\"https:\/\/march.hu\/en\/agile-basics-for-teams\/\",\"name\":\"Agile basics for teams - March\",\"isPartOf\":{\"@id\":\"https:\/\/march.hu\/#website\"},\"datePublished\":\"2024-04-01T07:26:04+00:00\",\"dateModified\":\"2024-04-24T00:54:35+00:00\",\"breadcrumb\":{\"@id\":\"https:\/\/march.hu\/en\/agile-basics-for-teams\/#breadcrumb\"},\"inLanguage\":\"en-US\",\"potentialAction\":[{\"@type\":\"ReadAction\",\"target\":[\"https:\/\/march.hu\/en\/agile-basics-for-teams\/\"]}]},{\"@type\":\"BreadcrumbList\",\"@id\":\"https:\/\/march.hu\/en\/agile-basics-for-teams\/#breadcrumb\",\"itemListElement\":[{\"@type\":\"ListItem\",\"position\":1,\"name\":\"Kezd\u0151lap\",\"item\":\"https:\/\/march.hu\/\"},{\"@type\":\"ListItem\",\"position\":2,\"name\":\"Agile basics for teams\"}]},{\"@type\":\"WebSite\",\"@id\":\"https:\/\/march.hu\/#website\",\"url\":\"https:\/\/march.hu\/\",\"name\":\"March\",\"description\":\"Az orsz\u00e1g legnagyobb agilis k\u00f6z\u00f6ss\u00e9ge\",\"publisher\":{\"@id\":\"https:\/\/march.hu\/#organization\"},\"potentialAction\":[{\"@type\":\"SearchAction\",\"target\":{\"@type\":\"EntryPoint\",\"urlTemplate\":\"https:\/\/march.hu\/?s={search_term_string}\"},\"query-input\":\"required name=search_term_string\"}],\"inLanguage\":\"en-US\"},{\"@type\":\"Organization\",\"@id\":\"https:\/\/march.hu\/#organization\",\"name\":\"March\",\"url\":\"https:\/\/march.hu\/\",\"logo\":{\"@type\":\"ImageObject\",\"inLanguage\":\"en-US\",\"@id\":\"https:\/\/march.hu\/#\/schema\/logo\/image\/\",\"url\":\"https:\/\/march.hu\/wp-content\/uploads\/2024\/03\/favicon.png\",\"contentUrl\":\"https:\/\/march.hu\/wp-content\/uploads\/2024\/03\/favicon.png\",\"width\":211,\"height\":306,\"caption\":\"March\"},\"image\":{\"@id\":\"https:\/\/march.hu\/#\/schema\/logo\/image\/\"}}]}<\/script>\n<!-- \/ Yoast SEO Premium plugin. -->","yoast_head_json":{"title":"Agile basics for teams - March","robots":{"index":"index","follow":"follow","max-snippet":"max-snippet:-1","max-image-preview":"max-image-preview:large","max-video-preview":"max-video-preview:-1"},"canonical":"https:\/\/march.hu\/en\/agile-basics-for-teams\/","og_locale":"en_US","og_type":"article","og_title":"Agile basics for teams","og_description":"Agile basics for teams Roland Szmola, Zsu Danka, Bal\u00e1zs Szab\u00f3 Location: In person Intro When switching to Agile methodology, it is of utmost importance that the people and experts involved in the change understand the challenges they are facing and what working in a new environment entails. Target To get participants to speak a common [&hellip;]","og_url":"https:\/\/march.hu\/en\/agile-basics-for-teams\/","og_site_name":"March","article_modified_time":"2024-04-24T00:54:35+00:00","twitter_card":"summary_large_image","twitter_misc":{"Est. reading time":"1 minute"},"schema":{"@context":"https:\/\/schema.org","@graph":[{"@type":"WebPage","@id":"https:\/\/march.hu\/en\/agile-basics-for-teams\/","url":"https:\/\/march.hu\/en\/agile-basics-for-teams\/","name":"Agile basics for teams - March","isPartOf":{"@id":"https:\/\/march.hu\/#website"},"datePublished":"2024-04-01T07:26:04+00:00","dateModified":"2024-04-24T00:54:35+00:00","breadcrumb":{"@id":"https:\/\/march.hu\/en\/agile-basics-for-teams\/#breadcrumb"},"inLanguage":"en-US","potentialAction":[{"@type":"ReadAction","target":["https:\/\/march.hu\/en\/agile-basics-for-teams\/"]}]},{"@type":"BreadcrumbList","@id":"https:\/\/march.hu\/en\/agile-basics-for-teams\/#breadcrumb","itemListElement":[{"@type":"ListItem","position":1,"name":"Kezd\u0151lap","item":"https:\/\/march.hu\/"},{"@type":"ListItem","position":2,"name":"Agile basics for teams"}]},{"@type":"WebSite","@id":"https:\/\/march.hu\/#website","url":"https:\/\/march.hu\/","name":"March","description":"Az orsz\u00e1g legnagyobb agilis k\u00f6z\u00f6ss\u00e9ge","publisher":{"@id":"https:\/\/march.hu\/#organization"},"potentialAction":[{"@type":"SearchAction","target":{"@type":"EntryPoint","urlTemplate":"https:\/\/march.hu\/?s={search_term_string}"},"query-input":"required name=search_term_string"}],"inLanguage":"en-US"},{"@type":"Organization","@id":"https:\/\/march.hu\/#organization","name":"March","url":"https:\/\/march.hu\/","logo":{"@type":"ImageObject","inLanguage":"en-US","@id":"https:\/\/march.hu\/#\/schema\/logo\/image\/","url":"https:\/\/march.hu\/wp-content\/uploads\/2024\/03\/favicon.png","contentUrl":"https:\/\/march.hu\/wp-content\/uploads\/2024\/03\/favicon.png","width":211,"height":306,"caption":"March"},"image":{"@id":"https:\/\/march.hu\/#\/schema\/logo\/image\/"}}]}},"_links":{"self":[{"href":"https:\/\/march.hu\/en\/wp-json\/wp\/v2\/pages\/1545","targetHints":{"allow":["GET"]}}],"collection":[{"href":"https:\/\/march.hu\/en\/wp-json\/wp\/v2\/pages"}],"about":[{"href":"https:\/\/march.hu\/en\/wp-json\/wp\/v2\/types\/page"}],"author":[{"embeddable":true,"href":"https:\/\/march.hu\/en\/wp-json\/wp\/v2\/users\/2"}],"replies":[{"embeddable":true,"href":"https:\/\/march.hu\/en\/wp-json\/wp\/v2\/comments?post=1545"}],"version-history":[{"count":5,"href":"https:\/\/march.hu\/en\/wp-json\/wp\/v2\/pages\/1545\/revisions"}],"predecessor-version":[{"id":1831,"href":"https:\/\/march.hu\/en\/wp-json\/wp\/v2\/pages\/1545\/revisions\/1831"}],"wp:attachment":[{"href":"https:\/\/march.hu\/en\/wp-json\/wp\/v2\/media?parent=1545"}],"curies":[{"name":"wp","href":"https:\/\/api.w.org\/{rel}","templated":true}]}}